{"id":780,"date":"2022-04-26T15:31:20","date_gmt":"2022-04-26T20:31:20","guid":{"rendered":"http:\/\/localhost\/repositorio\/?page_id=780"},"modified":"2024-10-02T20:42:47","modified_gmt":"2024-10-03T01:42:47","slug":"trabajos-de-grado-2","status":"publish","type":"page","link":"http:\/\/yeshua.unicatolicadelsur.edu.co:4200\/wordpress\/trabajos-de-grado-2\/","title":{"rendered":"Trabajos de grado"},"content":{"rendered":"\t\t<div data-elementor-type=\"wp-page\" data-elementor-id=\"780\" class=\"elementor elementor-780\">\n\t\t\t\t\t\t<section class=\"elementor-section elementor-top-section elementor-element elementor-element-3d7f3ae elementor-section-boxed elementor-section-height-default elementor-section-height-default\" data-id=\"3d7f3ae\" data-element_type=\"section\">\n\t\t\t\t\t\t<div class=\"elementor-container elementor-column-gap-default\">\n\t\t\t\t\t<div class=\"elementor-column elementor-col-100 elementor-top-column elementor-element elementor-element-e7b05dd\" data-id=\"e7b05dd\" data-element_type=\"column\">\n\t\t\t<div class=\"elementor-widget-wrap elementor-element-populated\">\n\t\t\t\t\t\t<div class=\"elementor-element elementor-element-ec0906f elementor-widget elementor-widget-heading\" data-id=\"ec0906f\" data-element_type=\"widget\" data-widget_type=\"heading.default\">\n\t\t\t\t<div class=\"elementor-widget-container\">\n\t\t\t<style>\/*! elementor - v3.23.0 - 05-08-2024 *\/\n.elementor-heading-title{padding:0;margin:0;line-height:1}.elementor-widget-heading .elementor-heading-title[class*=elementor-size-]>a{color:inherit;font-size:inherit;line-height:inherit}.elementor-widget-heading .elementor-heading-title.elementor-size-small{font-size:15px}.elementor-widget-heading .elementor-heading-title.elementor-size-medium{font-size:19px}.elementor-widget-heading .elementor-heading-title.elementor-size-large{font-size:29px}.elementor-widget-heading .elementor-heading-title.elementor-size-xl{font-size:39px}.elementor-widget-heading .elementor-heading-title.elementor-size-xxl{font-size:59px}<\/style><h2 class=\"elementor-heading-title elementor-size-default\">Programas Acad\u00e9micos de pregrado<\/h2>\t\t<\/div>\n\t\t\t\t<\/div>\n\t\t\t\t\t<\/div>\n\t\t<\/div>\n\t\t\t\t\t<\/div>\n\t\t<\/section>\n\t\t\t\t<section class=\"elementor-section elementor-top-section elementor-element elementor-element-6a6e46f elementor-section-boxed elementor-section-height-default elementor-section-height-default\" data-id=\"6a6e46f\" data-element_type=\"section\" data-settings=\"{&quot;background_background&quot;:&quot;classic&quot;}\">\n\t\t\t\t\t\t<div class=\"elementor-container elementor-column-gap-default\">\n\t\t\t\t\t<div class=\"elementor-column elementor-col-100 elementor-top-column elementor-element elementor-element-f1aefc5\" data-id=\"f1aefc5\" data-element_type=\"column\" data-settings=\"{&quot;background_background&quot;:&quot;classic&quot;}\">\n\t\t\t<div class=\"elementor-widget-wrap elementor-element-populated\">\n\t\t\t\t\t\t<div class=\"elementor-element elementor-element-cdd4ad2 elementor-widget elementor-widget-heading\" data-id=\"cdd4ad2\" data-element_type=\"widget\" data-widget_type=\"heading.default\">\n\t\t\t\t<div class=\"elementor-widget-container\">\n\t\t\t<h2 class=\"elementor-heading-title elementor-size-default\">Administraci\u00f3n de Servicios de Salud<\/h2>\t\t<\/div>\n\t\t\t\t<\/div>\n\t\t\t\t<div class=\"elementor-element elementor-element-b10c7c8 elementor-widget elementor-widget-accordion\" data-id=\"b10c7c8\" data-element_type=\"widget\" data-widget_type=\"accordion.default\">\n\t\t\t\t<div class=\"elementor-widget-container\">\n\t\t\t<style>\/*! elementor - v3.23.0 - 05-08-2024 *\/\n.elementor-accordion{text-align:start}.elementor-accordion .elementor-accordion-item{border:1px solid #d5d8dc}.elementor-accordion .elementor-accordion-item+.elementor-accordion-item{border-top:none}.elementor-accordion .elementor-tab-title{margin:0;padding:15px 20px;font-weight:700;line-height:1;cursor:pointer;outline:none}.elementor-accordion .elementor-tab-title .elementor-accordion-icon{display:inline-block;width:1.5em}.elementor-accordion .elementor-tab-title .elementor-accordion-icon svg{width:1em;height:1em}.elementor-accordion .elementor-tab-title .elementor-accordion-icon.elementor-accordion-icon-right{float:right;text-align:right}.elementor-accordion .elementor-tab-title .elementor-accordion-icon.elementor-accordion-icon-left{float:left;text-align:left}.elementor-accordion .elementor-tab-title .elementor-accordion-icon .elementor-accordion-icon-closed{display:block}.elementor-accordion .elementor-tab-title .elementor-accordion-icon .elementor-accordion-icon-opened,.elementor-accordion .elementor-tab-title.elementor-active .elementor-accordion-icon-closed{display:none}.elementor-accordion .elementor-tab-title.elementor-active .elementor-accordion-icon-opened{display:block}.elementor-accordion .elementor-tab-content{display:none;padding:15px 20px;border-top:1px solid #d5d8dc}@media (max-width:767px){.elementor-accordion .elementor-tab-title{padding:12px 15px}.elementor-accordion .elementor-tab-title .elementor-accordion-icon{width:1.2em}.elementor-accordion .elementor-tab-content{padding:7px 15px}}.e-con-inner>.elementor-widget-accordion,.e-con>.elementor-widget-accordion{width:var(--container-widget-width);--flex-grow:var(--container-widget-flex-grow)}<\/style>\t\t<div class=\"elementor-accordion\">\n\t\t\t\t\t\t\t<div class=\"elementor-accordion-item\">\n\t\t\t\t\t<div id=\"elementor-tab-title-1851\" class=\"elementor-tab-title\" data-tab=\"1\" role=\"button\" aria-controls=\"elementor-tab-content-1851\" aria-expanded=\"false\">\n\t\t\t\t\t\t\t\t\t\t\t\t\t<span class=\"elementor-accordion-icon elementor-accordion-icon-right\" aria-hidden=\"true\">\n\t\t\t\t\t\t\t\t\t\t\t\t\t\t\t<span class=\"elementor-accordion-icon-closed\"><i class=\"fas fa-angle-double-down\"><\/i><\/span>\n\t\t\t\t\t\t\t\t<span class=\"elementor-accordion-icon-opened\"><i class=\"fas fa-minus\"><\/i><\/span>\n\t\t\t\t\t\t\t\t\t\t\t\t\t\t<\/span>\n\t\t\t\t\t\t\t\t\t\t\t\t<a class=\"elementor-accordion-title\" tabindex=\"0\">A - 2021<\/a>\n\t\t\t\t\t<\/div>\n\t\t\t\t\t<div id=\"elementor-tab-content-1851\" class=\"elementor-tab-content elementor-clearfix\" data-tab=\"1\" role=\"region\" aria-labelledby=\"elementor-tab-title-1851\"><ul><li><span style=\"font-style: inherit; font-weight: inherit;\"><a href=\"http:\/\/yeshua.unicatolicadelsur.edu.co:4200\/wordpress\/wp-content\/uploads\/Articulos\/A2021\/1.-Articulo-periodo-A-2021-valor-del-consumo-de-SPA-1.pdf\" target=\"_blank\" rel=\"noopener\">An\u00e1lisis de los indicadores de monitoreo de la calidad en salud en el servicio de Urgencias en cinco Empresas Sociales del Estado (E.S.E.), de la subregi\u00f3n centro en el Departamento de Nari\u00f1o, 2017 \u2013 2019<\/a><\/span><\/li><li><a href=\"http:\/\/yeshua.unicatolicadelsur.edu.co:4200\/wordpress\/wp-content\/uploads\/Articulos\/B2021\/2-COBERTURA-DE-VACUNACION-EN-MENORES-DE-1-ANO-EN-EL-DEPARTAMENTO-DE-NARINO-PERIODO-2012-2018.pdf\"><span style=\"font-style: inherit; font-weight: inherit; color: #0170b9;\"><u>Cobertura de vacunaci\u00f3n en menores de un a\u00f1o de las\u00a0<\/u><\/span><u style=\"font-style: inherit; font-weight: inherit; color: #0170b9;\">subregiones del departamento de Nari\u00f1o, 2016- 2019<\/u><\/a><\/li><li><a style=\"font-style: inherit; font-weight: inherit; background-color: #ffffff;\" href=\"http:\/\/yeshua.unicatolicadelsur.edu.co:4200\/wordpress\/wp-content\/uploads\/Articulos\/A2021\/5.-Articulo-periodo-A-2021-Oprtunidad-en-la-atencion-de-los-servicios..pdf\" target=\"_blank\" rel=\"noopener\"><span style=\"font-style: inherit; font-weight: inherit;\">Oportunidad en la atenci\u00f3n de los servicios de salud <\/span>en empresas sociales del estado, departamento de Nari\u00f1o, 2016-2019<span style=\"font-style: inherit; font-weight: inherit;\">\u00a0<\/span><\/a><\/li><li><span style=\"font-weight: inherit; font-style: inherit;\"><a href=\"http:\/\/yeshua.unicatolicadelsur.edu.co:4200\/wordpress\/wp-content\/uploads\/Articulos\/A2021\/6.-Articulo-periodo-A-2021-Reflexiones-Sobre-los-Pilares-1.pdf\" target=\"_blank\" rel=\"noopener\">Reflexiones Sobre los Pilares de la propuesta de la pol\u00edtica p\u00fablica de humanizaci\u00f3n de salud en Colombia\u00a0\u00a0<\/a><\/span><\/li><li><span style=\"font-weight: inherit; font-style: inherit;\"><a href=\"http:\/\/yeshua.unicatolicadelsur.edu.co:4200\/wordpress\/wp-content\/uploads\/Articulos\/A2021\/3.-Articulo-periodo-A-2021-Una-mirada-al-humanismo-2.pdf\" target=\"_blank\" rel=\"noopener\">Una mirada hacia la humanizaci\u00f3n en la atenci\u00f3n pedi\u00e1trica &#8211; Carlos David Tobar Santacruz.\u00a0\u00a0<\/a><\/span><\/li><li><a href=\"http:\/\/yeshua.unicatolicadelsur.edu.co:4200\/wordpress\/wp-content\/uploads\/Articulos\/A2021\/1.-Articulo-periodo-A-2021-valor-del-consumo-de-SPA-1.pdf\" target=\"_blank\" rel=\"noopener\">Valor del consumo de SPA en\u00a0 personas farmacodependientes realizado a personas que se encontraban en la comuna 7 municipio de San Juan de Pasto\u00a0 2020-2021<\/a>\u00a0<\/li><\/ul><\/div>\n\t\t\t\t<\/div>\n\t\t\t\t\t\t\t<div class=\"elementor-accordion-item\">\n\t\t\t\t\t<div id=\"elementor-tab-title-1852\" class=\"elementor-tab-title\" data-tab=\"2\" role=\"button\" aria-controls=\"elementor-tab-content-1852\" aria-expanded=\"false\">\n\t\t\t\t\t\t\t\t\t\t\t\t\t<span class=\"elementor-accordion-icon elementor-accordion-icon-right\" aria-hidden=\"true\">\n\t\t\t\t\t\t\t\t\t\t\t\t\t\t\t<span class=\"elementor-accordion-icon-closed\"><i class=\"fas fa-angle-double-down\"><\/i><\/span>\n\t\t\t\t\t\t\t\t<span class=\"elementor-accordion-icon-opened\"><i class=\"fas fa-minus\"><\/i><\/span>\n\t\t\t\t\t\t\t\t\t\t\t\t\t\t<\/span>\n\t\t\t\t\t\t\t\t\t\t\t\t<a class=\"elementor-accordion-title\" tabindex=\"0\">B - 2021<\/a>\n\t\t\t\t\t<\/div>\n\t\t\t\t\t<div id=\"elementor-tab-content-1852\" class=\"elementor-tab-content elementor-clearfix\" data-tab=\"2\" role=\"region\" aria-labelledby=\"elementor-tab-title-1852\"><ul><li><span style=\"font-style: inherit; font-weight: inherit;\"><a href=\"http:\/\/yeshua.unicatolicadelsur.edu.co:4200\/wordpress\/wp-content\/uploads\/Articulos\/B2021\/3-Articulo-publicacion-Capacidad-Instalada-Publica-en-Salud-en-el-Departamento-de-Narino-2021-1.pdf\" target=\"_blank\" rel=\"noopener\">Capacidad Instalada Publica en Salud en el Departamento de Nari\u00f1o 2021\u00a0<\/a><\/span><\/li><li><span style=\"font-style: inherit; font-weight: inherit;\"><a href=\"http:\/\/yeshua.unicatolicadelsur.edu.co:4200\/wordpress\/wp-content\/uploads\/Articulos\/B2021\/4-Articulo-publicacion-cobertura-de-aseguramiento^.pdf\" target=\"_blank\" rel=\"noopener\">Caracterizaci\u00f3n de la cobertura de aseguramiento en salud en Nari\u00f1o 2015-2019\u00a0<\/a><\/span><\/li><li><span style=\"font-style: inherit; font-weight: inherit;\"><a href=\"http:\/\/yeshua.unicatolicadelsur.edu.co:4200\/wordpress\/wp-content\/uploads\/Articulos\/B2021\/2-COBERTURA-DE-VACUNACION-EN-MENORES-DE-1-ANO-EN-EL-DEPARTAMENTO-DE-NARINO-PERIODO-2012-2018.pdf\" target=\"_blank\" rel=\"noopener\">Cobertura de vacunaci\u00f3n en menores de 1 a\u00f1o en el departamento de Nari\u00f1o, periodo 2012-2018\u00a0<\/a><\/span><\/li><li><a href=\"http:\/\/yeshua.unicatolicadelsur.edu.co:4200\/wordpress\/wp-content\/uploads\/Articulos\/B2021\/1-Articulo-para-publicar-del-talento-humano-en-salud..pdf\" target=\"_blank\" rel=\"noopener\">Formaci\u00f3n y Ocupaci\u00f3n del Talento Humano en Salud en Salud en el departamento de Nari\u00f1o, Periodo 2011- 2017<\/a><\/li><\/ul><\/div>\n\t\t\t\t<\/div>\n\t\t\t\t\t\t\t<div class=\"elementor-accordion-item\">\n\t\t\t\t\t<div id=\"elementor-tab-title-1853\" class=\"elementor-tab-title\" data-tab=\"3\" role=\"button\" aria-controls=\"elementor-tab-content-1853\" aria-expanded=\"false\">\n\t\t\t\t\t\t\t\t\t\t\t\t\t<span class=\"elementor-accordion-icon elementor-accordion-icon-right\" aria-hidden=\"true\">\n\t\t\t\t\t\t\t\t\t\t\t\t\t\t\t<span class=\"elementor-accordion-icon-closed\"><i class=\"fas fa-angle-double-down\"><\/i><\/span>\n\t\t\t\t\t\t\t\t<span class=\"elementor-accordion-icon-opened\"><i class=\"fas fa-minus\"><\/i><\/span>\n\t\t\t\t\t\t\t\t\t\t\t\t\t\t<\/span>\n\t\t\t\t\t\t\t\t\t\t\t\t<a class=\"elementor-accordion-title\" tabindex=\"0\">A - 2022<\/a>\n\t\t\t\t\t<\/div>\n\t\t\t\t\t<div id=\"elementor-tab-content-1853\" class=\"elementor-tab-content elementor-clearfix\" data-tab=\"3\" role=\"region\" aria-labelledby=\"elementor-tab-title-1853\"><ul><li><a href=\"http:\/\/yeshua.unicatolicadelsur.edu.co:4200\/wordpress\/wp-content\/uploads\/2021\/08\/Niveles-de-depresion-ansiedad-y-estres-en-el-servicio-de-hospitalizacion-del-Hospital-Universitario-Departamental.pdf\" target=\"_blank\" rel=\"noopener\">Niveles de depresi\u00f3n, ansiedad y estr\u00e9s en el servicio de hospitalizaci\u00f3n del Hospital Universitario Departamental de Nari\u00f1o en profesionales de enfermer\u00eda y t\u00e9cnicos en enfermer\u00eda durante la atenci\u00f3n por COVID-19 \u2013 2021.<\/a><\/li><li><a href=\"http:\/\/yeshua.unicatolicadelsur.edu.co:4200\/wordpress\/wp-content\/uploads\/2021\/08\/Caracterizacion-de-la-enfermedad-laboral-generada-por-SARSCOV2.pdf\" target=\"_blank\" rel=\"noopener\">Caracterizaci\u00f3n de la enfermedad laboral generada por SARS-CoV-2\/COVID-19 en trabajadores del sector sanitario, hospital universitario departamental de Nari\u00f1o E.S.E \u2013 2021.<\/a><\/li><li><a href=\"http:\/\/yeshua.unicatolicadelsur.edu.co:4200\/wordpress\/wp-content\/uploads\/2021\/08\/Caracterizacion-de-ninas-y-adolescentes-mujeres-consumidoras-de-sustancias-psicoactivas.pdf\" target=\"_blank\" rel=\"noopener\">Caracterizaci\u00f3n de\u00a0 ni\u00f1as y adolescentes mujeres consumidoras de sustancias psicoactivas del municipio de Pasto en el a\u00f1o 2021.<\/a><\/li><\/ul><\/div>\n\t\t\t\t<\/div>\n\t\t\t\t\t\t\t<div class=\"elementor-accordion-item\">\n\t\t\t\t\t<div id=\"elementor-tab-title-1854\" class=\"elementor-tab-title\" data-tab=\"4\" role=\"button\" aria-controls=\"elementor-tab-content-1854\" aria-expanded=\"false\">\n\t\t\t\t\t\t\t\t\t\t\t\t\t<span class=\"elementor-accordion-icon elementor-accordion-icon-right\" aria-hidden=\"true\">\n\t\t\t\t\t\t\t\t\t\t\t\t\t\t\t<span class=\"elementor-accordion-icon-closed\"><i class=\"fas fa-angle-double-down\"><\/i><\/span>\n\t\t\t\t\t\t\t\t<span class=\"elementor-accordion-icon-opened\"><i class=\"fas fa-minus\"><\/i><\/span>\n\t\t\t\t\t\t\t\t\t\t\t\t\t\t<\/span>\n\t\t\t\t\t\t\t\t\t\t\t\t<a class=\"elementor-accordion-title\" tabindex=\"0\">B - 2022<\/a>\n\t\t\t\t\t<\/div>\n\t\t\t\t\t<div id=\"elementor-tab-content-1854\" class=\"elementor-tab-content elementor-clearfix\" data-tab=\"4\" role=\"region\" aria-labelledby=\"elementor-tab-title-1854\"><ul><li><a href=\"http:\/\/yeshua.unicatolicadelsur.edu.co:4200\/wordpress\/wp-content\/uploads\/2021\/08\/1.-B-2022-Caracteristicas-sociales-demograficas-y-culturales-relacionadas-con-el-abandono-social-en-adultos-mayores-del-corregimiento-Jamondino-ano-2022..pdf\">Caracter\u00edsticas sociales, demogr\u00e1ficas y culturales relacionadas con el abandono social, en adultos mayores del corregimiento Jamondino, a\u00f1o 2022.<\/a><\/li><li><a href=\"http:\/\/yeshua.unicatolicadelsur.edu.co:4200\/wordpress\/wp-content\/uploads\/2021\/08\/2.-Determinantes-sociales-economicos-y-culturales.pdf\">Determinantes sociales, econ\u00f3micos y culturales relacionados con la desnutrici\u00f3n en ni\u00f1os de 1 a 5 a\u00f1os del centro de salud Hermes Andrade Mej\u00eda E.S.E, Municipio de Tangua (Zona urbana) 2021- 2022 &#8211; Hiaska Vanessa Zambrano Laguna<\/a><\/li><li><a href=\"http:\/\/yeshua.unicatolicadelsur.edu.co:4200\/wordpress\/wp-content\/uploads\/2021\/08\/3.-Analisis-de-correlacion-entre-las-peticiones-quejas-reclamos-sugerencias-felicitaciones.pdf\" target=\"_blank\" rel=\"noopener\">An\u00e1lisis de correlaci\u00f3n entre las peticiones, quejas, reclamos, sugerencias, felicitaciones y factores asociados a la prestaci\u00f3n del servicio de Salud, de la cl\u00ednica CORPOSALUD S.A.S, Pasto-2021 -2022<\/a><\/li><li><a href=\"http:\/\/yeshua.unicatolicadelsur.edu.co:4200\/wordpress\/wp-content\/uploads\/2021\/08\/4.-Nivel-de-Satisfaccion-laboral-de-docentes-de-la-Fundacion-Universitaria-Catolica-del-sur-ano-2022..pdf\" target=\"_blank\" rel=\"noopener\">Nivel de Satisfacci\u00f3n laboral de docentes de la Fundaci\u00f3n Universitaria Cat\u00f3lica del sur, a\u00f1o 2022.<\/a><\/li><li><a href=\"http:\/\/yeshua.unicatolicadelsur.edu.co:4200\/wordpress\/wp-content\/uploads\/2021\/08\/5.-Caracterizacion-de-ninas-y-adolescentes-mujeres-consumidoras-de-sustancias-psicoactivas-del-municipio-de-Pasto-en-el-ano-2021.pdf\">Caracterizaci\u00f3n de ni\u00f1as y adolescentes mujeres consumidoras de sustancias psicoactivas del municipio de Pasto en el a\u00f1o 2021 &#8211; Amanda Isabel Aucu D\u00edas.<\/a><\/li><li><a href=\"http:\/\/yeshua.unicatolicadelsur.edu.co:4200\/wordpress\/wp-content\/uploads\/2021\/08\/6.-Percepcion-sobre-humanizacion-de-los-usuarios-que-ingresan-al-Hospital-Universitario-Departamental-de-Narino-en-el-primer-trimestre-del-ano-2023..pdf\">Percepci\u00f3n sobre humanizaci\u00f3n de los usuarios que ingresan al Hospital Universitario Departamental de Nari\u00f1o, en el primer trimestre del, a\u00f1o 2023.<\/a><\/li><li><a href=\"http:\/\/yeshua.unicatolicadelsur.edu.co:4200\/wordpress\/wp-content\/uploads\/2021\/08\/7.-Servicio-de-Salud-Amigable-en-la-poblacion-Adolescente-y-Joven-de-14-a-28-anos-de-edad-en-el-Centro-Hospitalario-la-Rosa-de-la-ESE-Pasto-Salud-2021-2022.pdf\">Servicio de Salud Amigable en la poblaci\u00f3n Adolescente y Joven de 14 a 28 a\u00f1os de edad en el Centro Hospitalario la Rosa de la ESE Pasto Salud 2021 &#8211; 2022<\/a><\/li><\/ul><\/div>\n\t\t\t\t<\/div>\n\t\t\t\t\t\t\t<div class=\"elementor-accordion-item\">\n\t\t\t\t\t<div id=\"elementor-tab-title-1855\" class=\"elementor-tab-title\" data-tab=\"5\" role=\"button\" aria-controls=\"elementor-tab-content-1855\" aria-expanded=\"false\">\n\t\t\t\t\t\t\t\t\t\t\t\t\t<span class=\"elementor-accordion-icon elementor-accordion-icon-right\" aria-hidden=\"true\">\n\t\t\t\t\t\t\t\t\t\t\t\t\t\t\t<span class=\"elementor-accordion-icon-closed\"><i class=\"fas fa-angle-double-down\"><\/i><\/span>\n\t\t\t\t\t\t\t\t<span class=\"elementor-accordion-icon-opened\"><i class=\"fas fa-minus\"><\/i><\/span>\n\t\t\t\t\t\t\t\t\t\t\t\t\t\t<\/span>\n\t\t\t\t\t\t\t\t\t\t\t\t<a class=\"elementor-accordion-title\" tabindex=\"0\">A - 2023<\/a>\n\t\t\t\t\t<\/div>\n\t\t\t\t\t<div id=\"elementor-tab-content-1855\" class=\"elementor-tab-content elementor-clearfix\" data-tab=\"5\" role=\"region\" aria-labelledby=\"elementor-tab-title-1855\"><ul><li><a href=\"http:\/\/yeshua.unicatolicadelsur.edu.co:4200\/wordpress\/wp-content\/uploads\/Trabajos-de-grado\/2023\/A-2023\/A-2023-Detarminantes-economicos-y-sociales-HIASKA.pdf\" target=\"_blank\" rel=\"noopener\">Determinantes sociales, econ\u00f3micos y culturales relacionados con la desnutrici\u00f3n en ni\u00f1os de 1 a 5 a\u00f1os atendidos en el centro de salud Hermes Andrade Mej\u00eda E.S.E Municipio de Tangua (Zona urbana) 2021-2022<\/a><\/li><li><a style=\"font-style: inherit; font-weight: inherit; background-color: #ffffff;\" href=\"http:\/\/yeshua.unicatolicadelsur.edu.co:4200\/wordpress\/wp-content\/uploads\/Trabajos-de-grado\/2023\/A-2023\/1.-A-2023-Protocolo-de-investigacion-Barreras-de-acceso.pdf\" target=\"_blank\" rel=\"noopener\">Barreras de acceso en la atenci\u00f3n de salud para adultos mayores atendidos en el Hospital Universitario Departamental de Nari\u00f1o, primer trimestre del 2022<\/a><\/li><li><a href=\"http:\/\/yeshua.unicatolicadelsur.edu.co:4200\/wordpress\/wp-content\/uploads\/Trabajos-de-grado\/2023\/A-2023\/2.-A-2023-Protocolo-Necesidades-de-atencion-humanizada.pdf\" target=\"_blank\" rel=\"noopener\">Necesidades de la atenci\u00f3n humanizada en salud de los usuarios de urgencias de la Fundaci\u00f3n Hospital San Pedro, \u00faltimo trimestre 2023.<\/a><\/li><li><a style=\"font-style: inherit; font-weight: inherit; background-color: #ffffff;\" href=\"http:\/\/yeshua.unicatolicadelsur.edu.co:4200\/wordpress\/wp-content\/uploads\/Trabajos-de-grado\/2023\/A-2023\/3.-A-2023-Trabajo-de-grado-Desarrollo-tecnologico-e-innovacion-alcanzados-en-el-HUDN.pdf\" target=\"_blank\" rel=\"noopener\">Desarrollo tecnol\u00f3gico e innovaci\u00f3n alcanzados en el Hospital Universitario Departamental de Nari\u00f1o durante la pandemia del SARS-CoV-2\/COVID-19<\/a><\/li><\/ul><\/div>\n\t\t\t\t<\/div>\n\t\t\t\t\t\t\t<div class=\"elementor-accordion-item\">\n\t\t\t\t\t<div id=\"elementor-tab-title-1856\" class=\"elementor-tab-title\" data-tab=\"6\" role=\"button\" aria-controls=\"elementor-tab-content-1856\" aria-expanded=\"false\">\n\t\t\t\t\t\t\t\t\t\t\t\t\t<span class=\"elementor-accordion-icon elementor-accordion-icon-right\" aria-hidden=\"true\">\n\t\t\t\t\t\t\t\t\t\t\t\t\t\t\t<span class=\"elementor-accordion-icon-closed\"><i class=\"fas fa-angle-double-down\"><\/i><\/span>\n\t\t\t\t\t\t\t\t<span class=\"elementor-accordion-icon-opened\"><i class=\"fas fa-minus\"><\/i><\/span>\n\t\t\t\t\t\t\t\t\t\t\t\t\t\t<\/span>\n\t\t\t\t\t\t\t\t\t\t\t\t<a class=\"elementor-accordion-title\" tabindex=\"0\">B - 2023<\/a>\n\t\t\t\t\t<\/div>\n\t\t\t\t\t<div id=\"elementor-tab-content-1856\" class=\"elementor-tab-content elementor-clearfix\" data-tab=\"6\" role=\"region\" aria-labelledby=\"elementor-tab-title-1856\"><ul>\n<li><a href=\"http:\/\/yeshua.unicatolicadelsur.edu.co:4200\/wordpress\/wp-content\/uploads\/Trabajos-de-grado\/2023\/B-2023\/1.-B-2023-Protocolo-Investigacion-plan-de-mejora.-Camilo-Lopez.pdf\" target=\"_blank\">Plan de mejora del desempe\u00f1o laboral del talento humano de la E.S.E Centro&nbsp;de Salud Nuestra Se\u00f1ora de F\u00e1tima Chachag\u00fc\u00ed 2023 basado en el modelo de&nbsp;gesti\u00f3n por competencias.<\/a><\/li>\n<li><a href=\"http:\/\/yeshua.unicatolicadelsur.edu.co:4200\/wordpress\/wp-content\/uploads\/Trabajos-de-grado\/2023\/B-2023\/2.-B-2023-Proyecto-de-investigacion-formal.-Adulto-mayor-1.pdf\" target=\"_blank\" style=\"font-style: inherit; font-weight: inherit; background-color: rgb(255, 255, 255);\">Diagn\u00f3stico de la prestaci\u00f3n de servicios de salud al adulto mayor de la Fundaci\u00f3n Amparo San Jos\u00e9, Pasto, 2023.<\/a><\/li>\n<li><a href=\"http:\/\/yeshua.unicatolicadelsur.edu.co:4200\/wordpress\/wp-content\/uploads\/Trabajos-de-grado\/2023\/B-2023\/3.-B-2023TRABAJO-DE-GRADO.-Factores-socioculturales.pdf\" target=\"_blank\">Factores Socioculturales que Influyen en la Donaci\u00f3n de \u00f3rganos y Tejidos en personas de 18 a 59 a\u00f1os, en la comuna 3 del Municipio de Pasto, durante el a\u00f1o 2023.<\/a><br><\/li>\n<li><a href=\"http:\/\/yeshua.unicatolicadelsur.edu.co:4200\/wordpress\/wp-content\/uploads\/Trabajos-de-grado\/2023\/B-2023\/4.-B-2023-Protocolo-de-investigacion-formativa.-Estudio-de-viabilidad-Banco-de-celulas-madre.pdf\" target=\"_blank\">Estudio de viabilidad de un Banco de c\u00e9lulas madre en la ciudad de Pasto.<\/a><\/li>\n<li><a href=\"http:\/\/yeshua.unicatolicadelsur.edu.co:4200\/wordpress\/wp-content\/uploads\/Trabajos-de-grado\/2023\/B-2023\/5.-B-2023-Trabajo-de-grado-MEDICION-DEL-CLIMA-LABORAL.pdf\" target=\"_blank\">Diagnosticar la relaci\u00f3n entre el clima laboral y el desempe\u00f1o de los trabajadores en el Laboratorio De Especialidades Clinizad S.A.S Sede Versalles.&nbsp;<\/a><\/li>\n<li><a href=\"http:\/\/yeshua.unicatolicadelsur.edu.co:4200\/wordpress\/wp-content\/uploads\/Trabajos-de-grado\/2023\/B-2023\/6.-B-2023-TRABAJO-DE-GRADO.-Diagnostico-clima-organizacional.pdf\" target=\"_blank\" style=\"font-style: inherit; font-weight: inherit; background-color: rgb(255, 255, 255);\">Diagn\u00f3stico del clima organizacional en la Fundaci\u00f3n Amparo San Jos\u00e9 de la ciudad de Pasto 2023.<\/a><\/li>\n<li><a href=\"http:\/\/yeshua.unicatolicadelsur.edu.co:4200\/wordpress\/wp-content\/uploads\/Trabajos-de-grado\/2023\/B-2023\/7.-B-2023-Protocolo-de-investigacion-Unidades-Moviles-Pediatricas.pdf\" target=\"_blank\">Estudio de factibilidad para la creaci\u00f3n de Unidades M\u00f3viles Pedi\u00e1tricas que presten el servicio de urgencias y consulta por pediatra para la poblaci\u00f3n lactante y menor de 5 a\u00f1os en la comuna 6 de la Cuidad de Pasto, a\u00f1o 2023.<\/a><br><\/li>\n<\/ul><\/div>\n\t\t\t\t<\/div>\n\t\t\t\t\t\t\t\t<\/div>\n\t\t\t\t<\/div>\n\t\t\t\t<\/div>\n\t\t\t\t\t<\/div>\n\t\t<\/div>\n\t\t\t\t\t<\/div>\n\t\t<\/section>\n\t\t\t\t<\/div>\n\t\t","protected":false},"excerpt":{"rendered":"<p>Programas Acad\u00e9micos de pregrado Administraci\u00f3n de Servicios de Salud A &#8211; 2021 An\u00e1lisis de los indicadores de monitoreo de la calidad en salud en el servicio de Urgencias en cinco Empresas Sociales del Estado (E.S.E.), de la subregi\u00f3n centro en el Departamento de Nari\u00f1o, 2017 \u2013 2019 Cobertura de vacunaci\u00f3n en menores de un a\u00f1o &hellip;<\/p>\n<p class=\"read-more\"> <a class=\"\" href=\"http:\/\/yeshua.unicatolicadelsur.edu.co:4200\/wordpress\/trabajos-de-grado-2\/\"> <span class=\"screen-reader-text\">Trabajos de grado<\/span> Leer m\u00e1s &raquo;<\/a><\/p>\n","protected":false},"author":1,"featured_media":0,"parent":0,"menu_order":0,"comment_status":"closed","ping_status":"closed","template":"","meta":{"site-sidebar-layout":"no-sidebar","site-content-layout":"page-builder","ast-global-header-display":"","ast-main-header-display":"","ast-hfb-above-header-display":"","ast-hfb-below-header-display":"","ast-hfb-mobile-header-display":"","site-post-title":"disabled","ast-breadcrumbs-content":"","ast-featured-img":"disabled","footer-sml-layout":"","theme-transparent-header-meta":"","adv-header-id-meta":"","stick-header-meta":"","header-above-stick-meta":"","header-main-stick-meta":"","header-below-stick-meta":"","footnotes":""},"class_list":["post-780","page","type-page","status-publish","hentry"],"_links":{"self":[{"href":"http:\/\/yeshua.unicatolicadelsur.edu.co:4200\/wordpress\/wp-json\/wp\/v2\/pages\/780"}],"collection":[{"href":"http:\/\/yeshua.unicatolicadelsur.edu.co:4200\/wordpress\/wp-json\/wp\/v2\/pages"}],"about":[{"href":"http:\/\/yeshua.unicatolicadelsur.edu.co:4200\/wordpress\/wp-json\/wp\/v2\/types\/page"}],"author":[{"embeddable":true,"href":"http:\/\/yeshua.unicatolicadelsur.edu.co:4200\/wordpress\/wp-json\/wp\/v2\/users\/1"}],"replies":[{"embeddable":true,"href":"http:\/\/yeshua.unicatolicadelsur.edu.co:4200\/wordpress\/wp-json\/wp\/v2\/comments?post=780"}],"version-history":[{"count":216,"href":"http:\/\/yeshua.unicatolicadelsur.edu.co:4200\/wordpress\/wp-json\/wp\/v2\/pages\/780\/revisions"}],"predecessor-version":[{"id":6133,"href":"http:\/\/yeshua.unicatolicadelsur.edu.co:4200\/wordpress\/wp-json\/wp\/v2\/pages\/780\/revisions\/6133"}],"wp:attachment":[{"href":"http:\/\/yeshua.unicatolicadelsur.edu.co:4200\/wordpress\/wp-json\/wp\/v2\/media?parent=780"}],"curies":[{"name":"wp","href":"https:\/\/api.w.org\/{rel}","templated":true}]}}