{"id":5889,"date":"2023-08-30T17:55:27","date_gmt":"2023-08-30T22:55:27","guid":{"rendered":"http:\/\/yeshua.unicatolicadelsur.edu.co:4200\/wordpress\/?page_id=5889"},"modified":"2023-08-30T18:06:15","modified_gmt":"2023-08-30T23:06:15","slug":"publicaciones","status":"publish","type":"page","link":"http:\/\/yeshua.unicatolicadelsur.edu.co:4200\/wordpress\/publicaciones\/","title":{"rendered":"Publicaciones"},"content":{"rendered":"\t\t<div data-elementor-type=\"wp-page\" data-elementor-id=\"5889\" class=\"elementor elementor-5889\">\n\t\t\t\t\t\t<section class=\"elementor-section elementor-top-section elementor-element elementor-element-51c2ac3d elementor-section-boxed elementor-section-height-default elementor-section-height-default\" data-id=\"51c2ac3d\" data-element_type=\"section\">\n\t\t\t\t\t\t<div class=\"elementor-container elementor-column-gap-default\">\n\t\t\t\t\t<div class=\"elementor-column elementor-col-100 elementor-top-column elementor-element elementor-element-5255b0ae\" data-id=\"5255b0ae\" data-element_type=\"column\">\n\t\t\t<div class=\"elementor-widget-wrap elementor-element-populated\">\n\t\t\t\t\t\t<div class=\"elementor-element elementor-element-76463983 elementor-widget elementor-widget-text-editor\" data-id=\"76463983\" data-element_type=\"widget\" data-widget_type=\"text-editor.default\">\n\t\t\t\t<div class=\"elementor-widget-container\">\n\t\t\t<style>\/*! elementor - v3.23.0 - 05-08-2024 *\/\n.elementor-widget-text-editor.elementor-drop-cap-view-stacked .elementor-drop-cap{background-color:#69727d;color:#fff}.elementor-widget-text-editor.elementor-drop-cap-view-framed .elementor-drop-cap{color:#69727d;border:3px solid;background-color:transparent}.elementor-widget-text-editor:not(.elementor-drop-cap-view-default) .elementor-drop-cap{margin-top:8px}.elementor-widget-text-editor:not(.elementor-drop-cap-view-default) .elementor-drop-cap-letter{width:1em;height:1em}.elementor-widget-text-editor .elementor-drop-cap{float:left;text-align:center;line-height:1;font-size:50px}.elementor-widget-text-editor .elementor-drop-cap-letter{display:inline-block}<\/style>\t\t\t\t<p><!-- wp:qubely\/row {\"uniqueId\":\"ae9593\",\"columns\":1,\"padding\":{\"md\":{\"top\":\"20\",\"right\":0,\"bottom\":\"\",\"left\":0},\"unit\":\"px\"}} --><\/p>\n<div class=\"wp-block-qubely-row qubely-section qubely-block-ae9593\">\n<div class=\"qubely-row-overlay\">&nbsp;<\/div>\n<div class=\"qubely-container\">\n<div class=\"qubely-row \">\n<p><!-- wp:qubely\/column {\"uniqueId\":\"75a3d4\",\"colWidth\":{\"md\":100,\"sm\":100,\"xs\":100,\"unit\":\"%\",\"device\":\"md\"}} --><\/p>\n<div class=\"wp-block-qubely-column qubely-column qubely-column-front qubely-block-75a3d4\">\n<div class=\"qubely-column-inner\">\n<p><!-- wp:qubely\/text {\"uniqueId\":\"249cbb\",\"alignment\":{\"md\":\"center\"},\"typography\":{\"openTypography\":true,\"family\":\"Montserrat\",\"type\":\"sans-serif\"},\"textColor\":\"#000000\",\"titleTypography\":{\"openTypography\":1,\"size\":{\"md\":\"35\",\"unit\":\"px\"}},\"titleColor\":\"#dda521\"} --><\/p>\n<div class=\"wp-block-qubely-text qubely-block-249cbb\">\n<div class=\"qubely-block-text \">\n<div class=\"qubely-block-text-title-container qubely-separator-position-top\">\n<div class=\"qubely-block-text-title-inner\">\n<h2 class=\"qubely-block-text-title\">Conozca las publicaciones de la Unicat\u00f3lica del Sur<\/h2><\/div><\/div><\/div><\/div><\/div><\/div><\/div><\/div><\/div><div class=\"wp-block-qubely-row qubely-section qubely-block-76c9d7\">\n<div class=\"qubely-container\">\n<div class=\"qubely-row \">\n<p><!-- wp:qubely\/column {\"uniqueId\":\"26ed60\",\"colWidth\":{\"md\":33.33,\"sm\":100,\"xs\":100,\"unit\":\"%\",\"device\":\"md\"},\"colBg\":{\"openBg\":0,\"bgType\":\"color\",\"videoSource\":\"local\",\"bgDefaultColor\":\"\",\"bgGradient\":{}}} --><\/p>\n<div class=\"wp-block-qubely-column qubely-column qubely-column-front qubely-block-26ed60\">\n<div class=\"qubely-column-inner\">\n<p><!-- wp:qubely\/button {\"uniqueId\":\"6affe2\",\"textField\":\"An\u00e1lisis del impacto empresarial en el sector gastron\u00f3mico especializado en platos t\u00edpicos, generado por la emergencia sanitaria por SARS COVID-19 en el a\u00f1o 2020 en la ciudad de Pasto\",\"fillType\":\"outline\",\"url\":{\"url\":\"http:\/\/190.121.139.202:4200\/wordpress\/wp-content\/uploads\/Poster\/1a_Feria_investigacion_y_emprendimiento\/Analisis-del-impacto-empresarial-en-el-sector-gastronomico.pdf\",\"target\":1},\"typography\":{\"openTypography\":true,\"family\":\"Basic\",\"type\":\"sans-serif\",\"size\":{\"unit\":\"px\",\"md\":\"16\"}},\"buttonColor2\":\"#166838\",\"buttonHoverColor2\":\"#000000\",\"bgHoverColor\":{\"openColor\":1,\"type\":\"color\",\"color\":\"var(\\u002d\\u002dqubely-color-5)\",\"gradient\":{\"color1\":\"#16d03e\",\"color2\":\"#1f91f3\",\"direction\":0,\"start\":0,\"stop\":100,\"type\":\"linear\"}},\"buttonBorder\":{\"openBorder\":1,\"widthType\":\"global\",\"global\":{\"md\":\"2\"},\"type\":\"solid\",\"color\":\"#166838\",\"unit\":\"px\"},\"borderHoverColor\":\"#dda521\",\"buttonBorderRadius\":{\"openBorderRadius\":1,\"radiusType\":\"global\",\"global\":{\"md\":\"10\"},\"unit\":\"px\"},\"buttonShadow\":{\"openShadow\":true,\"inset\":\"\",\"horizontal\":2,\"vertical\":2,\"blur\":3,\"spread\":0,\"color\":\"rgba(0, 0, 0, .2)\"}} --><\/p>\n<div class=\"wp-block-qubely-button qubely-block-6affe2\">\n<div class=\"qubely-block-btn-wrapper \">\n<div class=\"qubely-block-btn\"><a class=\"qubely-block-btn-anchor is-large\" href=\"https:\/\/www.scielo.cl\/pdf\/rcp\/v91n6\/0370-4106-rcp-rchped-vi91i6-1399.pdf\" target=\"_blank\" rel=\"noopener noreferrer\">Caracterizaci\u00f3n de reci\u00e9n nacidos a t\u00e9rmino con deshidrataci\u00f3n<br>hipernatr\u00e9mica<\/a><\/div>\n<\/div>\n<\/div>\n<p><!-- \/wp:qubely\/button --><\/p>\n<\/div>\n<\/div>\n<p><!-- \/wp:qubely\/column --><!-- wp:qubely\/column {\"uniqueId\":\"b9dfb4\",\"colWidth\":{\"md\":33.33,\"sm\":100,\"xs\":100,\"unit\":\"%\",\"device\":\"md\"},\"colBg\":{\"openBg\":0,\"bgType\":\"color\",\"videoSource\":\"local\",\"bgDefaultColor\":\"\",\"bgGradient\":{}}} --><\/p>\n<div class=\"wp-block-qubely-column qubely-column qubely-column-front qubely-block-b9dfb4\">\n<div class=\"qubely-column-inner\">\n<p><!-- wp:qubely\/button {\"uniqueId\":\"36e713\",\"textField\":\"Plan De Negocio Para La Creaci\u00f3n De Una Empresa Productora Y Comercializadora De Prendas De vestir De Lana En El Municipio De Tuquerres Para El A\u00f1o 2021\",\"fillType\":\"outline\",\"url\":{\"url\":\"http:\/\/190.121.139.202:4200\/wordpress\/wp-content\/uploads\/Poster\/1a_Feria_investigacion_y_emprendimiento\/plan-de-negocio-para-la-creacion-de-una-empresa-productora.pdf\",\"target\":1},\"typography\":{\"openTypography\":true,\"family\":\"Basic\",\"type\":\"sans-serif\",\"size\":{\"unit\":\"px\",\"md\":\"16\"}},\"buttonColor2\":\"#166838\",\"buttonHoverColor2\":\"#000000\",\"bgHoverColor\":{\"openColor\":1,\"type\":\"color\",\"color\":\"var(\\u002d\\u002dqubely-color-5)\",\"gradient\":{\"color1\":\"#16d03e\",\"color2\":\"#1f91f3\",\"direction\":0,\"start\":0,\"stop\":100,\"type\":\"linear\"}},\"buttonBorder\":{\"openBorder\":1,\"widthType\":\"global\",\"global\":{\"md\":\"2\"},\"type\":\"solid\",\"color\":\"#166838\",\"unit\":\"px\"},\"borderHoverColor\":\"#dda521\",\"buttonBorderRadius\":{\"openBorderRadius\":1,\"radiusType\":\"global\",\"global\":{\"md\":\"10\"},\"unit\":\"px\"},\"buttonShadow\":{\"openShadow\":true,\"inset\":\"\",\"horizontal\":2,\"vertical\":2,\"blur\":3,\"spread\":0,\"color\":\"rgba(0, 0, 0, .2)\"}} --><\/p>\n<div class=\"wp-block-qubely-button qubely-block-36e713\">\n<div class=\"qubely-block-btn-wrapper \">\n<div class=\"qubely-block-btn\"><a class=\"qubely-block-btn-anchor is-large\" href=\"http:\/\/www.scielo.org.co\/pdf\/reus\/v19n1\/0124-7107-reus-19-01-00017.pdf\" target=\"_blank\" rel=\"noopener noreferrer\">Sentimientos que experimentan los padres en el dif\u00edcil camino de la hospitalizaci\u00f3n<br>de sus hijos prematuros. Un aporte al cuidado humanizado<\/a><\/div>\n<div>&nbsp;<\/div>\n<div><a class=\"qubely-block-btn-anchor is-large\" href=\"https:\/\/www.amazon.sg\/asociados-exceso-peso-menores-seis\/dp\/365965924X\" target=\"_blank\" rel=\"noopener noreferrer\">DSS asociados al exceso de peso en menores de seis a\u00f1os: Determinantes sociales de la salud (DSS) exceso de peso<\/a><\/div>\n<\/div>\n<\/div>\n<p><!-- \/wp:qubely\/button --><\/p>\n<\/div>\n<\/div>\n<p><!-- \/wp:qubely\/column --><!-- wp:qubely\/column {\"uniqueId\":\"09186b\",\"colWidth\":{\"md\":33.34,\"sm\":100,\"xs\":100,\"unit\":\"%\",\"device\":\"md\"},\"colBg\":{\"openBg\":0,\"bgType\":\"color\",\"videoSource\":\"local\",\"bgDefaultColor\":\"\",\"bgGradient\":{}}} --><\/p>\n<div class=\"wp-block-qubely-column qubely-column qubely-column-front qubely-block-09186b\">\n<div class=\"qubely-column-inner\">\n<p><!-- wp:qubely\/button {\"uniqueId\":\"436d71\",\"textField\":\"Factores Que Influyen En La Satisfacci\u00f3n Laboral Y Determinan El Ausentismo Del Talento Humano Asistencial De Ahara Ips, Durante El Tercer Trimestre Del A\u00f1o 2021\",\"fillType\":\"outline\",\"url\":{\"url\":\"http:\/\/190.121.139.202:4200\/wordpress\/wp-content\/uploads\/Poster\/1a_Feria_investigacion_y_emprendimiento\/POSTER-FINAL-SATISFACCION-LABORAL.pdf\",\"target\":1},\"typography\":{\"openTypography\":true,\"family\":\"Basic\",\"type\":\"sans-serif\",\"size\":{\"unit\":\"px\",\"md\":\"16\"}},\"buttonColor2\":\"#166838\",\"buttonHoverColor2\":\"#000000\",\"bgHoverColor\":{\"openColor\":1,\"type\":\"color\",\"color\":\"var(\\u002d\\u002dqubely-color-5)\",\"gradient\":{\"color1\":\"#16d03e\",\"color2\":\"#1f91f3\",\"direction\":0,\"start\":0,\"stop\":100,\"type\":\"linear\"}},\"buttonBorder\":{\"openBorder\":1,\"widthType\":\"global\",\"global\":{\"md\":\"2\"},\"type\":\"solid\",\"color\":\"#166838\",\"unit\":\"px\"},\"borderHoverColor\":\"#dda521\",\"buttonBorderRadius\":{\"openBorderRadius\":1,\"radiusType\":\"global\",\"global\":{\"md\":\"10\"},\"unit\":\"px\"},\"buttonShadow\":{\"openShadow\":true,\"inset\":\"\",\"horizontal\":2,\"vertical\":2,\"blur\":3,\"spread\":0,\"color\":\"rgba(0, 0, 0, .2)\"}} --><\/p>\n<div class=\"wp-block-qubely-button qubely-block-436d71\">\n<div class=\"qubely-block-btn-wrapper \">\n<div class=\"qubely-block-btn\"><a class=\"qubely-block-btn-anchor is-large\" href=\"https:\/\/libros.umariana.edu.co\/index.php\/editorialunimar\/catalog\/view\/37\/34\/160\" target=\"_blank\" rel=\"noopener noreferrer\">Vivencias de padres de ni\u00f1os prematuros hospitalizados en la Unidad de Cuidado Intensivo Neonatal<\/a><\/div>\n<\/div>\n<\/div>\n<p><!-- \/wp:qubely\/button --><\/p>\n<\/div>\n<\/div>\n<p><!-- \/wp:qubely\/column --><\/p>\n<\/div>\n<\/div>\n<\/div>\n<p><!-- \/wp:qubely\/row --><!-- wp:qubely\/row {\"uniqueId\":\"1a8ae3\",\"columns\":3,\"padding\":{\"md\":{\"top\":\"0\",\"right\":\"15\",\"bottom\":\"0\",\"left\":\"15\"},\"unit\":\"px\"}} --><\/p>\n<div class=\"wp-block-qubely-row qubely-section qubely-block-1a8ae3\">\n<div class=\"qubely-row-overlay\">&nbsp;<\/div>\n<\/div>\n<div class=\"wp-block-qubely-row qubely-section qubely-block-14f44a\">\n<div class=\"qubely-container\">\n<div class=\"qubely-row \">\n<p><!-- \/wp:qubely\/column --><!-- wp:qubely\/column {\"uniqueId\":\"c8ae8d\",\"colWidth\":{\"md\":33.34,\"sm\":100,\"xs\":100,\"unit\":\"%\",\"device\":\"md\"},\"colBg\":{\"openBg\":0,\"bgType\":\"color\",\"videoSource\":\"local\",\"bgDefaultColor\":\"\",\"bgGradient\":{}}} --><\/p>\n<div class=\"wp-block-qubely-column qubely-column qubely-column-front qubely-block-c8ae8d\">\n<div class=\"qubely-column-inner\">&nbsp;<\/div>\n<\/div>\n<\/div>\n<\/div>\n<\/div>\n<p><!-- \/wp:qubely\/row --><\/p>\t\t\t\t\t\t<\/div>\n\t\t\t\t<\/div>\n\t\t\t\t\t<\/div>\n\t\t<\/div>\n\t\t\t\t\t<\/div>\n\t\t<\/section>\n\t\t\t\t<\/div>\n\t\t","protected":false},"excerpt":{"rendered":"<p>&nbsp;<\/p>\n","protected":false},"author":1,"featured_media":0,"parent":0,"menu_order":0,"comment_status":"closed","ping_status":"closed","template":"","meta":{"site-sidebar-layout":"default","site-content-layout":"default","ast-global-header-display":"","ast-main-header-display":"","ast-hfb-above-header-display":"","ast-hfb-below-header-display":"","ast-hfb-mobile-header-display":"","site-post-title":"","ast-breadcrumbs-content":"","ast-featured-img":"","footer-sml-layout":"","theme-transparent-header-meta":"","adv-header-id-meta":"","stick-header-meta":"","header-above-stick-meta":"","header-main-stick-meta":"","header-below-stick-meta":"","footnotes":""},"class_list":["post-5889","page","type-page","status-publish","hentry"],"_links":{"self":[{"href":"http:\/\/yeshua.unicatolicadelsur.edu.co:4200\/wordpress\/wp-json\/wp\/v2\/pages\/5889"}],"collection":[{"href":"http:\/\/yeshua.unicatolicadelsur.edu.co:4200\/wordpress\/wp-json\/wp\/v2\/pages"}],"about":[{"href":"http:\/\/yeshua.unicatolicadelsur.edu.co:4200\/wordpress\/wp-json\/wp\/v2\/types\/page"}],"author":[{"embeddable":true,"href":"http:\/\/yeshua.unicatolicadelsur.edu.co:4200\/wordpress\/wp-json\/wp\/v2\/users\/1"}],"replies":[{"embeddable":true,"href":"http:\/\/yeshua.unicatolicadelsur.edu.co:4200\/wordpress\/wp-json\/wp\/v2\/comments?post=5889"}],"version-history":[{"count":10,"href":"http:\/\/yeshua.unicatolicadelsur.edu.co:4200\/wordpress\/wp-json\/wp\/v2\/pages\/5889\/revisions"}],"predecessor-version":[{"id":5899,"href":"http:\/\/yeshua.unicatolicadelsur.edu.co:4200\/wordpress\/wp-json\/wp\/v2\/pages\/5889\/revisions\/5899"}],"wp:attachment":[{"href":"http:\/\/yeshua.unicatolicadelsur.edu.co:4200\/wordpress\/wp-json\/wp\/v2\/media?parent=5889"}],"curies":[{"name":"wp","href":"https:\/\/api.w.org\/{rel}","templated":true}]}}